{"id":4300,"date":"2024-03-19T15:19:00","date_gmt":"2024-03-19T07:19:00","guid":{"rendered":"https:\/\/www.flsiot.com\/?post_type=product&#038;p=4300"},"modified":"2024-03-19T15:19:15","modified_gmt":"2024-03-19T07:19:15","slug":"te0715-05-73e33-a","status":"publish","type":"product","link":"https:\/\/www.flsiot.com\/index.php\/product\/te0715-05-73e33-a\/","title":{"rendered":"TE0715-05-73E33-A"},"content":{"rendered":"<p>Eigenschaften<br \/>\nAMD\/Xilinx Zynq\u2122 XC7Z030-3SBG485E<br \/>\nStossfest und vibrationsresistent<br \/>\nARM dual-core Cortex-A9 MPCore<br \/>\n10\/100\/1000 Tri-Speed Gigabit Ethernet Transceiver (PHY)\u00a0mit SGMII<br \/>\nMAC Adresse EEPROM<br \/>\nUSB 2.0 High Speed ULPI Transceiver<br \/>\n32-Bit breiter\u00a01 GByte DDR3L SDRAM<br \/>\n32 MByte QSPI Flash-Speicher (mit XiP-Unterst\u00fctzung)<br \/>\nProgrammierbarer Taktgenerator: Transceiver-Taktung (Standard 125 MHz)<br \/>\nPlug-On-Modul\u00a0mit 2 x 100-Pin\u00a0und 1\u00a0x 60-Pin Razor Beam hermaphroditische Buchsenleisten f\u00fcr hohe Geschwindigkeiten (regul\u00e4r 4 mm)<br \/>\n132 FPGA\u00a0Ein- und Ausg\u00e4nge\u00a0(65 LVDS Paare m\u00f6glich)\u00a0und 14 PS-MIO\u00a0verf\u00fcgbar \u00fcber\u00a0Board-to-Board Verbindungen<br \/>\n4 GTP\/GTX Tranceiver<br \/>\nHoch effiziente On-Board DC-DC-Wandler:<br \/>\n4,0 A x 1,0V\u00a0Stromversorgung<br \/>\n3,0 A x 1,5V Stromversorgung<br \/>\nTemperaturkompensierte RTC (real-time clock)<br \/>\nSystem Management<br \/>\neFUSE Bit-Stream Verschl\u00fcsselung<br \/>\nAES Bit-Stream Verschl\u00fcsselung<br \/>\nUser LED<br \/>\nGleichm\u00e4\u00dfig verteilte Versorgungspins f\u00fcr eine gute Signalintegrit\u00e4t<br \/>\nAndere Best\u00fcckungsvarianten zur Kosten- oder Leistungsoptimierung sowie Preise bei Gro\u00dfauftr\u00e4gen sind auf Anfrage erh\u00e4ltlich.<\/p>\n","protected":false},"excerpt":{"rendered":"<p>Eigenschaften AMD\/Xilinx Zynq\u2122 XC7Z030-3SBG485E Stossfe &hellip;<\/p>\n<p class=\"read-more\"> <a class=\"\" href=\"https:\/\/www.flsiot.com\/index.php\/product\/te0715-05-73e33-a\/\"> <span class=\"screen-reader-text\">TE0715-05-73E33-A<\/span> Read More \u00bb<\/a><\/p>\n","protected":false},"featured_media":4301,"template":"","meta":{"site-sidebar-layout":"default","site-content-layout":"","ast-site-content-layout":"default","site-content-style":"default","site-sidebar-style":"default","ast-global-header-display":"","ast-banner-title-visibility":"","ast-main-header-display":"","ast-hfb-above-header-display":"","ast-hfb-below-header-display":"","ast-hfb-mobile-header-display":"","site-post-title":"","ast-breadcrumbs-content":"","ast-featured-img":"","footer-sml-layout":"","theme-transparent-header-meta":"default","adv-header-id-meta":"","stick-header-meta":"default","header-above-stick-meta":"","header-main-stick-meta":"","header-below-stick-meta":"","astra-migrate-meta-layouts":"set","ast-page-background-enabled":"default","ast-page-background-meta":{"desktop":{"background-color":"","background-image":"","background-repeat":"repeat","background-position":"center center","background-size":"auto","background-attachment":"scroll","background-type":"","background-media":"","overlay-type":"","overlay-color":"","overlay-gradient":""},"tablet":{"background-color":"","background-image":"","background-repeat":"repeat","background-position":"center center","background-size":"auto","background-attachment":"scroll","background-type":"","background-media":"","overlay-type":"","overlay-color":"","overlay-gradient":""},"mobile":{"background-color":"","background-image":"","background-repeat":"repeat","background-position":"center center","background-size":"auto","background-attachment":"scroll","background-type":"","background-media":"","overlay-type":"","overlay-color":"","overlay-gradient":""}},"ast-content-background-meta":{"desktop":{"background-color":"var(--ast-global-color-5)","background-image":"","background-repeat":"repeat","background-position":"center center","background-size":"auto","background-attachment":"scroll","background-type":"","background-media":"","overlay-type":"","overlay-color":"","overlay-gradient":""},"tablet":{"background-color":"var(--ast-global-color-5)","background-image":"","background-repeat":"repeat","background-position":"center center","background-size":"auto","background-attachment":"scroll","background-type":"","background-media":"","overlay-type":"","overlay-color":"","overlay-gradient":""},"mobile":{"background-color":"var(--ast-global-color-5)","background-image":"","background-repeat":"repeat","background-position":"center center","background-size":"auto","background-attachment":"scroll","background-type":"","background-media":"","overlay-type":"","overlay-color":"","overlay-gradient":""}}},"product_cat":[65],"product_tag":[],"class_list":{"0":"post-4300","1":"product","2":"type-product","3":"status-publish","4":"has-post-thumbnail","6":"product_cat-trenz","7":"desktop-align-center","8":"tablet-align-left","9":"mobile-align-left","10":"ast-product-gallery-layout-horizontal-slider","11":"ast-product-tabs-layout-horizontal","13":"first","14":"instock","15":"shipping-taxable","16":"product-type-simple"},"_links":{"self":[{"href":"https:\/\/www.flsiot.com\/index.php\/wp-json\/wp\/v2\/product\/4300","targetHints":{"allow":["GET"]}}],"collection":[{"href":"https:\/\/www.flsiot.com\/index.php\/wp-json\/wp\/v2\/product"}],"about":[{"href":"https:\/\/www.flsiot.com\/index.php\/wp-json\/wp\/v2\/types\/product"}],"wp:featuredmedia":[{"embeddable":true,"href":"https:\/\/www.flsiot.com\/index.php\/wp-json\/wp\/v2\/media\/4301"}],"wp:attachment":[{"href":"https:\/\/www.flsiot.com\/index.php\/wp-json\/wp\/v2\/media?parent=4300"}],"wp:term":[{"taxonomy":"product_cat","embeddable":true,"href":"https:\/\/www.flsiot.com\/index.php\/wp-json\/wp\/v2\/product_cat?post=4300"},{"taxonomy":"product_tag","embeddable":true,"href":"https:\/\/www.flsiot.com\/index.php\/wp-json\/wp\/v2\/product_tag?post=4300"}],"curies":[{"name":"wp","href":"https:\/\/api.w.org\/{rel}","templated":true}]}}