{"id":4309,"date":"2024-03-19T15:29:55","date_gmt":"2024-03-19T07:29:55","guid":{"rendered":"https:\/\/www.flsiot.com\/?post_type=product&#038;p=4309"},"modified":"2024-03-19T15:29:55","modified_gmt":"2024-03-19T07:29:55","slug":"te0802-02-1bev2-a","status":"publish","type":"product","link":"https:\/\/www.flsiot.com\/index.php\/product\/te0802-02-1bev2-a\/","title":{"rendered":"TE0802-02-1BEV2-A"},"content":{"rendered":"<p>Eigenschaften<br \/>\nAMD\/Xilinx Zynq\u2122 UltraScale+\u2122 XCZU1EG-1SBVA484E7100<br \/>\nSpeicher<br \/>\n1 GByte LPDDR4<br \/>\n32 MByte SPI Flash<br \/>\nMicroSD-Karte<br \/>\nM2 PCIe SSD-Unterst\u00fctzung<br \/>\nAnzeige<br \/>\nDisplayPort<br \/>\nVGA<br \/>\n4-stellige 7-Segment LED<br \/>\n8 LEDs<br \/>\nAudio: 3.5 mm Klinke<br \/>\n2 x Pmod-Anschl\u00fcsse<br \/>\nKommunikation und Debugging<br \/>\nUSB 3.0 Host (Typ A-Stecker)<br \/>\nUSB JTAG\/UART Micro-USB<br \/>\nGigabit Ethernet RJ45<br \/>\nEingang<br \/>\n5 Push-Buttons<br \/>\n8 Bit-Schiebeschalter<br \/>\nReset-Taste<br \/>\nEEPROM<br \/>\nStromversorgung: 5V plug<br \/>\nGr\u00f6\u00dfe: 100 mm \u00d7 100 mm. Bitte laden Sie die Montagezeichnung f\u00fcr genauere Werte herunter.<\/p>\n","protected":false},"excerpt":{"rendered":"<p>Eigenschaften AMD\/Xilinx Zynq\u2122 UltraScale+\u2122 XCZU1EG-1SB &hellip;<\/p>\n<p class=\"read-more\"> <a class=\"\" href=\"https:\/\/www.flsiot.com\/index.php\/product\/te0802-02-1bev2-a\/\"> <span class=\"screen-reader-text\">TE0802-02-1BEV2-A<\/span> Read More \u00bb<\/a><\/p>\n","protected":false},"featured_media":4310,"template":"","meta":{"site-sidebar-layout":"default","site-content-layout":"","ast-site-content-layout":"default","site-content-style":"default","site-sidebar-style":"default","ast-global-header-display":"","ast-banner-title-visibility":"","ast-main-header-display":"","ast-hfb-above-header-display":"","ast-hfb-below-header-display":"","ast-hfb-mobile-header-display":"","site-post-title":"","ast-breadcrumbs-content":"","ast-featured-img":"","footer-sml-layout":"","theme-transparent-header-meta":"default","adv-header-id-meta":"","stick-header-meta":"default","header-above-stick-meta":"","header-main-stick-meta":"","header-below-stick-meta":"","astra-migrate-meta-layouts":"set","ast-page-background-enabled":"default","ast-page-background-meta":{"desktop":{"background-color":"","background-image":"","background-repeat":"repeat","background-position":"center center","background-size":"auto","background-attachment":"scroll","background-type":"","background-media":"","overlay-type":"","overlay-color":"","overlay-gradient":""},"tablet":{"background-color":"","background-image":"","background-repeat":"repeat","background-position":"center center","background-size":"auto","background-attachment":"scroll","background-type":"","background-media":"","overlay-type":"","overlay-color":"","overlay-gradient":""},"mobile":{"background-color":"","background-image":"","background-repeat":"repeat","background-position":"center center","background-size":"auto","background-attachment":"scroll","background-type":"","background-media":"","overlay-type":"","overlay-color":"","overlay-gradient":""}},"ast-content-background-meta":{"desktop":{"background-color":"var(--ast-global-color-5)","background-image":"","background-repeat":"repeat","background-position":"center center","background-size":"auto","background-attachment":"scroll","background-type":"","background-media":"","overlay-type":"","overlay-color":"","overlay-gradient":""},"tablet":{"background-color":"var(--ast-global-color-5)","background-image":"","background-repeat":"repeat","background-position":"center center","background-size":"auto","background-attachment":"scroll","background-type":"","background-media":"","overlay-type":"","overlay-color":"","overlay-gradient":""},"mobile":{"background-color":"var(--ast-global-color-5)","background-image":"","background-repeat":"repeat","background-position":"center center","background-size":"auto","background-attachment":"scroll","background-type":"","background-media":"","overlay-type":"","overlay-color":"","overlay-gradient":""}}},"product_cat":[65],"product_tag":[],"class_list":{"0":"post-4309","1":"product","2":"type-product","3":"status-publish","4":"has-post-thumbnail","6":"product_cat-trenz","7":"desktop-align-center","8":"tablet-align-left","9":"mobile-align-left","10":"ast-product-gallery-layout-horizontal-slider","11":"ast-product-tabs-layout-horizontal","13":"first","14":"instock","15":"shipping-taxable","16":"product-type-simple"},"_links":{"self":[{"href":"https:\/\/www.flsiot.com\/index.php\/wp-json\/wp\/v2\/product\/4309","targetHints":{"allow":["GET"]}}],"collection":[{"href":"https:\/\/www.flsiot.com\/index.php\/wp-json\/wp\/v2\/product"}],"about":[{"href":"https:\/\/www.flsiot.com\/index.php\/wp-json\/wp\/v2\/types\/product"}],"wp:featuredmedia":[{"embeddable":true,"href":"https:\/\/www.flsiot.com\/index.php\/wp-json\/wp\/v2\/media\/4310"}],"wp:attachment":[{"href":"https:\/\/www.flsiot.com\/index.php\/wp-json\/wp\/v2\/media?parent=4309"}],"wp:term":[{"taxonomy":"product_cat","embeddable":true,"href":"https:\/\/www.flsiot.com\/index.php\/wp-json\/wp\/v2\/product_cat?post=4309"},{"taxonomy":"product_tag","embeddable":true,"href":"https:\/\/www.flsiot.com\/index.php\/wp-json\/wp\/v2\/product_tag?post=4309"}],"curies":[{"name":"wp","href":"https:\/\/api.w.org\/{rel}","templated":true}]}}