{"id":4322,"date":"2024-03-19T15:47:56","date_gmt":"2024-03-19T07:47:56","guid":{"rendered":"https:\/\/www.flsiot.com\/?post_type=product&#038;p=4322"},"modified":"2024-03-19T15:48:11","modified_gmt":"2024-03-19T07:48:11","slug":"te0807-03-7de21-az","status":"publish","type":"product","link":"https:\/\/www.flsiot.com\/index.php\/product\/te0807-03-7de21-az\/","title":{"rendered":"TE0807-03-7DE21-AZ"},"content":{"rendered":"<p>Eigenschaften<br \/>\nAMD\/Xilinx Zynq\u2122 UltraScale+\u2122 XCZU7EV-1FBVB900E<br \/>\nZU7EV 900 Pin Packages<br \/>\n4 x M3 L\u00f6cher zur K\u00fchlk\u00f6rperbefestigung<br \/>\nGr\u00f6\u00dfe: 52 x 76 mm<br \/>\nB2B Steckverbindungen: 4 x 160 Pin<br \/>\nStossfest und vibrationsresistent<br \/>\n4\u00a0GByte DDR4 Speicher<br \/>\n128 MByte SPI Boot Flash (dual parallel)<br \/>\nUser I\/Os<br \/>\n65 x PS MIOs, 48 x PL HD GPIOs, 156 x PL HP GIPIOs (3 banks)<br \/>\nSerielle Transceiver: 4 x PS-GTR, 16 x PL-GTH<br \/>\nTransceiver Clocks Eing\u00e4nge und Ausg\u00e4nge<br \/>\nPLL-Taktgenerator-Eing\u00e4nge und -Ausg\u00e4nge<br \/>\nGrafikprozessor-Unit (GPU) + Video-Codec-Unit (VCU)<br \/>\nSi5345 &#8211; 10 output PLL<br \/>\nOnboard-Schaltregler, Single Supply<br \/>\n14 On-Board-DC\/DC-Wandler\u00a0und 13 LDO&#8217;s<br \/>\nLP, FP, PL\u00a0separat kontrollierte\u00a0Power Domains<br \/>\nUnterst\u00fctzt alle Boot-Modi au\u00dfer NAND<br \/>\nGleichm\u00e4\u00dfig verteilte Versorgungspins f\u00fcr eine gute Signalintegrit\u00e4t<br \/>\nAndere Best\u00fcckungsvarianten zur Kosten- oder Leistungsoptimierung sowie Preise bei Gro\u00dfauftr\u00e4gen sind auf Anfrage erh\u00e4ltlich.<\/p>\n","protected":false},"excerpt":{"rendered":"<p>Eigenschaften AMD\/Xilinx Zynq\u2122 UltraScale+\u2122 XCZU7EV-1FB &hellip;<\/p>\n<p class=\"read-more\"> <a class=\"\" href=\"https:\/\/www.flsiot.com\/index.php\/product\/te0807-03-7de21-az\/\"> <span class=\"screen-reader-text\">TE0807-03-7DE21-AZ<\/span> Read More \u00bb<\/a><\/p>\n","protected":false},"featured_media":4323,"template":"","meta":{"site-sidebar-layout":"default","site-content-layout":"","ast-site-content-layout":"default","site-content-style":"default","site-sidebar-style":"default","ast-global-header-display":"","ast-banner-title-visibility":"","ast-main-header-display":"","ast-hfb-above-header-display":"","ast-hfb-below-header-display":"","ast-hfb-mobile-header-display":"","site-post-title":"","ast-breadcrumbs-content":"","ast-featured-img":"","footer-sml-layout":"","theme-transparent-header-meta":"default","adv-header-id-meta":"","stick-header-meta":"default","header-above-stick-meta":"","header-main-stick-meta":"","header-below-stick-meta":"","astra-migrate-meta-layouts":"set","ast-page-background-enabled":"default","ast-page-background-meta":{"desktop":{"background-color":"","background-image":"","background-repeat":"repeat","background-position":"center center","background-size":"auto","background-attachment":"scroll","background-type":"","background-media":"","overlay-type":"","overlay-color":"","overlay-gradient":""},"tablet":{"background-color":"","background-image":"","background-repeat":"repeat","background-position":"center center","background-size":"auto","background-attachment":"scroll","background-type":"","background-media":"","overlay-type":"","overlay-color":"","overlay-gradient":""},"mobile":{"background-color":"","background-image":"","background-repeat":"repeat","background-position":"center center","background-size":"auto","background-attachment":"scroll","background-type":"","background-media":"","overlay-type":"","overlay-color":"","overlay-gradient":""}},"ast-content-background-meta":{"desktop":{"background-color":"var(--ast-global-color-5)","background-image":"","background-repeat":"repeat","background-position":"center center","background-size":"auto","background-attachment":"scroll","background-type":"","background-media":"","overlay-type":"","overlay-color":"","overlay-gradient":""},"tablet":{"background-color":"var(--ast-global-color-5)","background-image":"","background-repeat":"repeat","background-position":"center center","background-size":"auto","background-attachment":"scroll","background-type":"","background-media":"","overlay-type":"","overlay-color":"","overlay-gradient":""},"mobile":{"background-color":"var(--ast-global-color-5)","background-image":"","background-repeat":"repeat","background-position":"center center","background-size":"auto","background-attachment":"scroll","background-type":"","background-media":"","overlay-type":"","overlay-color":"","overlay-gradient":""}}},"product_cat":[65],"product_tag":[],"class_list":{"0":"post-4322","1":"product","2":"type-product","3":"status-publish","4":"has-post-thumbnail","6":"product_cat-trenz","7":"desktop-align-center","8":"tablet-align-left","9":"mobile-align-left","10":"ast-product-gallery-layout-horizontal-slider","11":"ast-product-tabs-layout-horizontal","13":"first","14":"instock","15":"shipping-taxable","16":"product-type-simple"},"_links":{"self":[{"href":"https:\/\/www.flsiot.com\/index.php\/wp-json\/wp\/v2\/product\/4322","targetHints":{"allow":["GET"]}}],"collection":[{"href":"https:\/\/www.flsiot.com\/index.php\/wp-json\/wp\/v2\/product"}],"about":[{"href":"https:\/\/www.flsiot.com\/index.php\/wp-json\/wp\/v2\/types\/product"}],"wp:featuredmedia":[{"embeddable":true,"href":"https:\/\/www.flsiot.com\/index.php\/wp-json\/wp\/v2\/media\/4323"}],"wp:attachment":[{"href":"https:\/\/www.flsiot.com\/index.php\/wp-json\/wp\/v2\/media?parent=4322"}],"wp:term":[{"taxonomy":"product_cat","embeddable":true,"href":"https:\/\/www.flsiot.com\/index.php\/wp-json\/wp\/v2\/product_cat?post=4322"},{"taxonomy":"product_tag","embeddable":true,"href":"https:\/\/www.flsiot.com\/index.php\/wp-json\/wp\/v2\/product_tag?post=4322"}],"curies":[{"name":"wp","href":"https:\/\/api.w.org\/{rel}","templated":true}]}}