{"id":4325,"date":"2024-03-19T15:54:32","date_gmt":"2024-03-19T07:54:32","guid":{"rendered":"https:\/\/www.flsiot.com\/?post_type=product&#038;p=4325"},"modified":"2024-03-19T15:54:46","modified_gmt":"2024-03-19T07:54:46","slug":"te0821-01-3be21ml-2","status":"publish","type":"product","link":"https:\/\/www.flsiot.com\/index.php\/product\/te0821-01-3be21ml-2\/","title":{"rendered":"TE0821-01-3BE21ML"},"content":{"rendered":"<p>Eigenschaften<br \/>\nAMD\/Xilinx Zynq\u2122 UltraScale+\u2122 XCZU3EG-1SFVC784E<br \/>\nZU3EG, 784 Pin-Packages<br \/>\nAnwendungsprozessor: Quad-Core ARM Cortex-A53 MPCore<br \/>\nEchtzeit-Prozessor: Dual-core ARM Cortex-R5 MPCore<br \/>\nGrafikprozessor: Mali-400 MP2<br \/>\nVier Hochgeschwindigkeitsschnittstellen f\u00fcr serielle I\/Os (HSSIO), die folgende Protokolle unterst\u00fctzen:<br \/>\nPCI-Express-Schnittstelle Version 2.1 kompatibel<br \/>\nSATA 3.1 Spezifikation konforme Schnittstelle<br \/>\nDisplayPort Source-Only-Schnittstelle mit Videoaufl\u00f6sung bis zu 4k x 2k<br \/>\nUSB 3.0 konforme Schnittstelle mit einer Leitungsrate von 5 Gbit\/s<br \/>\n1 GB\/s serielle GMII-Schnittstelle<br \/>\n34 x High Performance\u00a0und 96 x High Density PL I\/Os<br \/>\n14 x PS MIOs (6 der MIOs f\u00fcr die SD-Kartenschnittstelle in der Standardkonfiguration)<br \/>\n4 x serielle PS GTR Transceiver-Empf\u00e4nger f\u00fcr PS GTR<br \/>\nStossfest und vibrationsresistent<br \/>\nGrafikprozessor-Unit (GPU)<br \/>\nPlug-on-Modul mit 2 x 100-Pin und 1 x 60-Pin Razor Beam hermaphroditische Buchsenleisten f\u00fcr hohe Geschwindigkeiten (regul\u00e4r 4 mm)<br \/>\n2\u00a0GByte DDR4 SDRAM, 32-Bit Datenbusbreite<br \/>\n128 MByte QSPI-Boot Flash im Dual-Parallel-Modus<br \/>\n8\u00a0GByte e.MMC Speicher (Best\u00fcckung bis 64 GByte m\u00f6glich)<br \/>\nProgrammierbare Quad-PLL-Taktgenerator-PLL f\u00fcr PS-GTR-Taktgeber (optionale externe Referenz)<br \/>\nGigabit-Ethernet-Transceiver PHY<br \/>\nMAC-Adresse serielles EEPROM mit EUI-48 Node Identity<br \/>\nHochgeschwindigkeits-USB2-ULPI-Transceiver mit voller OTG-Unterst\u00fctzung<br \/>\nOnboard-Schaltregler<br \/>\nGleichm\u00e4\u00dfig verteilte Versorgungspins f\u00fcr eine gute Signalintegrit\u00e4t<br \/>\nGr\u00f6\u00dfe: 4 x 5 cm<br \/>\nAndere Best\u00fcckungsvarianten zur Kosten- oder Leistungsoptimierung sowie Preise bei Gro\u00dfauftr\u00e4gen sind auf Anfrage erh\u00e4ltlich.<\/p>\n","protected":false},"excerpt":{"rendered":"<p>Eigenschaften AMD\/Xilinx Zynq\u2122 UltraScale+\u2122 XCZU3EG-1SF &hellip;<\/p>\n<p class=\"read-more\"> <a class=\"\" href=\"https:\/\/www.flsiot.com\/index.php\/product\/te0821-01-3be21ml-2\/\"> <span class=\"screen-reader-text\">TE0821-01-3BE21ML<\/span> Read More \u00bb<\/a><\/p>\n","protected":false},"featured_media":4326,"template":"","meta":{"site-sidebar-layout":"default","site-content-layout":"","ast-site-content-layout":"default","site-content-style":"default","site-sidebar-style":"default","ast-global-header-display":"","ast-banner-title-visibility":"","ast-main-header-display":"","ast-hfb-above-header-display":"","ast-hfb-below-header-display":"","ast-hfb-mobile-header-display":"","site-post-title":"","ast-breadcrumbs-content":"","ast-featured-img":"","footer-sml-layout":"","theme-transparent-header-meta":"default","adv-header-id-meta":"","stick-header-meta":"default","header-above-stick-meta":"","header-main-stick-meta":"","header-below-stick-meta":"","astra-migrate-meta-layouts":"set","ast-page-background-enabled":"default","ast-page-background-meta":{"desktop":{"background-color":"","background-image":"","background-repeat":"repeat","background-position":"center center","background-size":"auto","background-attachment":"scroll","background-type":"","background-media":"","overlay-type":"","overlay-color":"","overlay-gradient":""},"tablet":{"background-color":"","background-image":"","background-repeat":"repeat","background-position":"center center","background-size":"auto","background-attachment":"scroll","background-type":"","background-media":"","overlay-type":"","overlay-color":"","overlay-gradient":""},"mobile":{"background-color":"","background-image":"","background-repeat":"repeat","background-position":"center center","background-size":"auto","background-attachment":"scroll","background-type":"","background-media":"","overlay-type":"","overlay-color":"","overlay-gradient":""}},"ast-content-background-meta":{"desktop":{"background-color":"var(--ast-global-color-5)","background-image":"","background-repeat":"repeat","background-position":"center center","background-size":"auto","background-attachment":"scroll","background-type":"","background-media":"","overlay-type":"","overlay-color":"","overlay-gradient":""},"tablet":{"background-color":"var(--ast-global-color-5)","background-image":"","background-repeat":"repeat","background-position":"center center","background-size":"auto","background-attachment":"scroll","background-type":"","background-media":"","overlay-type":"","overlay-color":"","overlay-gradient":""},"mobile":{"background-color":"var(--ast-global-color-5)","background-image":"","background-repeat":"repeat","background-position":"center center","background-size":"auto","background-attachment":"scroll","background-type":"","background-media":"","overlay-type":"","overlay-color":"","overlay-gradient":""}}},"product_cat":[65],"product_tag":[],"class_list":{"0":"post-4325","1":"product","2":"type-product","3":"status-publish","4":"has-post-thumbnail","6":"product_cat-trenz","7":"desktop-align-center","8":"tablet-align-left","9":"mobile-align-left","10":"ast-product-gallery-layout-horizontal-slider","11":"ast-product-tabs-layout-horizontal","13":"first","14":"instock","15":"shipping-taxable","16":"product-type-simple"},"_links":{"self":[{"href":"https:\/\/www.flsiot.com\/index.php\/wp-json\/wp\/v2\/product\/4325","targetHints":{"allow":["GET"]}}],"collection":[{"href":"https:\/\/www.flsiot.com\/index.php\/wp-json\/wp\/v2\/product"}],"about":[{"href":"https:\/\/www.flsiot.com\/index.php\/wp-json\/wp\/v2\/types\/product"}],"wp:featuredmedia":[{"embeddable":true,"href":"https:\/\/www.flsiot.com\/index.php\/wp-json\/wp\/v2\/media\/4326"}],"wp:attachment":[{"href":"https:\/\/www.flsiot.com\/index.php\/wp-json\/wp\/v2\/media?parent=4325"}],"wp:term":[{"taxonomy":"product_cat","embeddable":true,"href":"https:\/\/www.flsiot.com\/index.php\/wp-json\/wp\/v2\/product_cat?post=4325"},{"taxonomy":"product_tag","embeddable":true,"href":"https:\/\/www.flsiot.com\/index.php\/wp-json\/wp\/v2\/product_tag?post=4325"}],"curies":[{"name":"wp","href":"https:\/\/api.w.org\/{rel}","templated":true}]}}