{"id":4336,"date":"2024-03-20T16:31:23","date_gmt":"2024-03-20T08:31:23","guid":{"rendered":"https:\/\/www.flsiot.com\/?post_type=product&#038;p=4336"},"modified":"2024-03-20T16:31:23","modified_gmt":"2024-03-20T08:31:23","slug":"34091","status":"publish","type":"product","link":"https:\/\/www.flsiot.com\/index.php\/product\/34091\/","title":{"rendered":"34091"},"content":{"rendered":"<p>Eigenschaften<br \/>\n8 analoge Eing\u00e4nge<br \/>\n16 digitale E\/As<br \/>\n1 Z\u00e4hler\/Timer<br \/>\n2 analoge Ausg\u00e4nge<br \/>\n12-bit Aufl\u00f6sung<br \/>\nAbtastrate von 50 kS\/s<br \/>\nSignalbereich von \u00b110 V sowohl am analogen Eingang als auch am analogen Ausgang<br \/>\nGenerierung von Sinus-, Rechteck-, Dreieck- oder DC-Wellenformen mit den Analogausg\u00e4ngen<br \/>\nAbgeschirmtes, robustes Geh\u00e4use f\u00fcr St\u00f6rfestigkeit, mit eingebauten Schraubklemmen<br \/>\nEinfache Signalanschl\u00fcsse am DT9812-10V-OEM mit zwei 20-poligen Steckern f\u00fcr alle E\/A-Signale<br \/>\nDas Modul wird \u00fcber die USB-Stromversorgung betrieben, eine externe Stromversorgung ist nicht erforderlich<br \/>\nInklusive kostenloser QuickDAQ-Software f\u00fcr eine schnelle Inbetriebnahme (unterst\u00fctzt keine DIO)<\/p>\n","protected":false},"excerpt":{"rendered":"<p>Eigenschaften 8 analoge Eing\u00e4nge 16 digitale E\/As 1 Z\u00e4h &hellip;<\/p>\n<p class=\"read-more\"> <a class=\"\" href=\"https:\/\/www.flsiot.com\/index.php\/product\/34091\/\"> <span class=\"screen-reader-text\">34091<\/span> Read More \u00bb<\/a><\/p>\n","protected":false},"featured_media":4337,"template":"","meta":{"site-sidebar-layout":"default","site-content-layout":"","ast-site-content-layout":"default","site-content-style":"default","site-sidebar-style":"default","ast-global-header-display":"","ast-banner-title-visibility":"","ast-main-header-display":"","ast-hfb-above-header-display":"","ast-hfb-below-header-display":"","ast-hfb-mobile-header-display":"","site-post-title":"","ast-breadcrumbs-content":"","ast-featured-img":"","footer-sml-layout":"","theme-transparent-header-meta":"default","adv-header-id-meta":"","stick-header-meta":"default","header-above-stick-meta":"","header-main-stick-meta":"","header-below-stick-meta":"","astra-migrate-meta-layouts":"set","ast-page-background-enabled":"default","ast-page-background-meta":{"desktop":{"background-color":"","background-image":"","background-repeat":"repeat","background-position":"center center","background-size":"auto","background-attachment":"scroll","background-type":"","background-media":"","overlay-type":"","overlay-color":"","overlay-gradient":""},"tablet":{"background-color":"","background-image":"","background-repeat":"repeat","background-position":"center center","background-size":"auto","background-attachment":"scroll","background-type":"","background-media":"","overlay-type":"","overlay-color":"","overlay-gradient":""},"mobile":{"background-color":"","background-image":"","background-repeat":"repeat","background-position":"center center","background-size":"auto","background-attachment":"scroll","background-type":"","background-media":"","overlay-type":"","overlay-color":"","overlay-gradient":""}},"ast-content-background-meta":{"desktop":{"background-color":"var(--ast-global-color-5)","background-image":"","background-repeat":"repeat","background-position":"center center","background-size":"auto","background-attachment":"scroll","background-type":"","background-media":"","overlay-type":"","overlay-color":"","overlay-gradient":""},"tablet":{"background-color":"var(--ast-global-color-5)","background-image":"","background-repeat":"repeat","background-position":"center center","background-size":"auto","background-attachment":"scroll","background-type":"","background-media":"","overlay-type":"","overlay-color":"","overlay-gradient":""},"mobile":{"background-color":"var(--ast-global-color-5)","background-image":"","background-repeat":"repeat","background-position":"center center","background-size":"auto","background-attachment":"scroll","background-type":"","background-media":"","overlay-type":"","overlay-color":"","overlay-gradient":""}}},"product_cat":[65],"product_tag":[],"class_list":{"0":"post-4336","1":"product","2":"type-product","3":"status-publish","4":"has-post-thumbnail","6":"product_cat-trenz","7":"desktop-align-center","8":"tablet-align-left","9":"mobile-align-left","10":"ast-product-gallery-layout-horizontal-slider","11":"ast-product-gallery-with-no-image","12":"ast-product-tabs-layout-horizontal","14":"first","15":"instock","16":"shipping-taxable","17":"product-type-simple"},"_links":{"self":[{"href":"https:\/\/www.flsiot.com\/index.php\/wp-json\/wp\/v2\/product\/4336","targetHints":{"allow":["GET"]}}],"collection":[{"href":"https:\/\/www.flsiot.com\/index.php\/wp-json\/wp\/v2\/product"}],"about":[{"href":"https:\/\/www.flsiot.com\/index.php\/wp-json\/wp\/v2\/types\/product"}],"wp:featuredmedia":[{"embeddable":true,"href":"https:\/\/www.flsiot.com\/index.php\/wp-json\/wp\/v2\/media\/4337"}],"wp:attachment":[{"href":"https:\/\/www.flsiot.com\/index.php\/wp-json\/wp\/v2\/media?parent=4336"}],"wp:term":[{"taxonomy":"product_cat","embeddable":true,"href":"https:\/\/www.flsiot.com\/index.php\/wp-json\/wp\/v2\/product_cat?post=4336"},{"taxonomy":"product_tag","embeddable":true,"href":"https:\/\/www.flsiot.com\/index.php\/wp-json\/wp\/v2\/product_tag?post=4336"}],"curies":[{"name":"wp","href":"https:\/\/api.w.org\/{rel}","templated":true}]}}