{"id":4347,"date":"2024-03-20T16:47:49","date_gmt":"2024-03-20T08:47:49","guid":{"rendered":"https:\/\/www.flsiot.com\/?post_type=product&#038;p=4347"},"modified":"2024-03-20T16:47:50","modified_gmt":"2024-03-20T08:47:50","slug":"33689","status":"publish","type":"product","link":"https:\/\/www.flsiot.com\/index.php\/product\/33689\/","title":{"rendered":"33689"},"content":{"rendered":"<p>Eigenschaften<br \/>\nXilinx Spartan-6 XC6SLX150 FPGA<br \/>\nVollst\u00e4ndig koh\u00e4rente 2&#215;2 MIMO-F\u00e4higkeit<br \/>\nRF Spezifikationen<br \/>\nKan\u00e4le: 2 TX &amp; 2 RX, Halb- oder Vollduplex<br \/>\nFrequenzbereich: 70 MHz to 6 GHz<br \/>\nMomentane\u00a0Bandbreite:<br \/>\nUp to 56 MHz<br \/>\nSSB\/LO-Unterdr\u00fcckung: 35\/50 dBc<br \/>\n3,5 GHz deg RMS<br \/>\n6 GHz deg RMS<br \/>\nIIP3 (bei typischer NF)): -20 dBm<br \/>\nAusgangsleistung: &gt;10 dBm<br \/>\nEmpfangs-Rauschzahl: &lt;8 dB<br \/>\nUmwandlungsleistung und Takte<br \/>\nADC Sample Rate (Max.): 61.44 MS\/s<br \/>\nADC Resolution: 12 bits<br \/>\nDAC Sample Rate (Max.): 61.44 MS\/s<br \/>\nDAC Resolution: 12 bits<br \/>\nHost Sample Rate (16b): 61.44 MS\/s<br \/>\nFrequenzgenauigkeit: +\/-2.0 ppm<br \/>\nW\/ GPS Unlocked TCXO Reference: \u00b175 ppb<br \/>\nW\/ GPS Locked TCXO Reference: &lt;1 ppb<br \/>\nDC-Eingang: 6V (DC-Netzteil im Lieferumfang enthalten)<br \/>\nGeerdete Befestigungsl\u00f6cher<br \/>\nUSB 3.0 SuperSpeed-Schnittstelle<br \/>\nStandard USB 3.0-Anschluss<br \/>\nGPIO-F\u00e4higkeit<br \/>\nAbmessungen: 97 x 155 x 15 mm<br \/>\nGewicht: 350 g<br \/>\nBetriebstemp. Bereich: 0 &#8211; 45 \u00b0C<br \/>\nSoftware<br \/>\nUSRP-Hardwaretreiber 3.9.2 (oder h\u00f6her)<br \/>\nGNU Radio, C++ und Python APIs<br \/>\n10 MHz Taktreferenz<br \/>\nPPS-Zeitreferenz<\/p>\n","protected":false},"excerpt":{"rendered":"<p>Eigenschaften Xilinx Spartan-6 XC6SLX150 FPGA Vollst\u00e4nd &hellip;<\/p>\n<p class=\"read-more\"> <a class=\"\" href=\"https:\/\/www.flsiot.com\/index.php\/product\/33689\/\"> <span class=\"screen-reader-text\">33689<\/span> Read More \u00bb<\/a><\/p>\n","protected":false},"featured_media":4348,"template":"","meta":{"site-sidebar-layout":"default","site-content-layout":"","ast-site-content-layout":"default","site-content-style":"default","site-sidebar-style":"default","ast-global-header-display":"","ast-banner-title-visibility":"","ast-main-header-display":"","ast-hfb-above-header-display":"","ast-hfb-below-header-display":"","ast-hfb-mobile-header-display":"","site-post-title":"","ast-breadcrumbs-content":"","ast-featured-img":"","footer-sml-layout":"","theme-transparent-header-meta":"default","adv-header-id-meta":"","stick-header-meta":"default","header-above-stick-meta":"","header-main-stick-meta":"","header-below-stick-meta":"","astra-migrate-meta-layouts":"set","ast-page-background-enabled":"default","ast-page-background-meta":{"desktop":{"background-color":"","background-image":"","background-repeat":"repeat","background-position":"center center","background-size":"auto","background-attachment":"scroll","background-type":"","background-media":"","overlay-type":"","overlay-color":"","overlay-gradient":""},"tablet":{"background-color":"","background-image":"","background-repeat":"repeat","background-position":"center center","background-size":"auto","background-attachment":"scroll","background-type":"","background-media":"","overlay-type":"","overlay-color":"","overlay-gradient":""},"mobile":{"background-color":"","background-image":"","background-repeat":"repeat","background-position":"center center","background-size":"auto","background-attachment":"scroll","background-type":"","background-media":"","overlay-type":"","overlay-color":"","overlay-gradient":""}},"ast-content-background-meta":{"desktop":{"background-color":"var(--ast-global-color-5)","background-image":"","background-repeat":"repeat","background-position":"center center","background-size":"auto","background-attachment":"scroll","background-type":"","background-media":"","overlay-type":"","overlay-color":"","overlay-gradient":""},"tablet":{"background-color":"var(--ast-global-color-5)","background-image":"","background-repeat":"repeat","background-position":"center center","background-size":"auto","background-attachment":"scroll","background-type":"","background-media":"","overlay-type":"","overlay-color":"","overlay-gradient":""},"mobile":{"background-color":"var(--ast-global-color-5)","background-image":"","background-repeat":"repeat","background-position":"center center","background-size":"auto","background-attachment":"scroll","background-type":"","background-media":"","overlay-type":"","overlay-color":"","overlay-gradient":""}}},"product_cat":[65],"product_tag":[],"class_list":{"0":"post-4347","1":"product","2":"type-product","3":"status-publish","4":"has-post-thumbnail","6":"product_cat-trenz","7":"desktop-align-center","8":"tablet-align-left","9":"mobile-align-left","10":"ast-product-gallery-layout-horizontal-slider","11":"ast-product-tabs-layout-horizontal","13":"first","14":"instock","15":"shipping-taxable","16":"product-type-simple"},"_links":{"self":[{"href":"https:\/\/www.flsiot.com\/index.php\/wp-json\/wp\/v2\/product\/4347","targetHints":{"allow":["GET"]}}],"collection":[{"href":"https:\/\/www.flsiot.com\/index.php\/wp-json\/wp\/v2\/product"}],"about":[{"href":"https:\/\/www.flsiot.com\/index.php\/wp-json\/wp\/v2\/types\/product"}],"wp:featuredmedia":[{"embeddable":true,"href":"https:\/\/www.flsiot.com\/index.php\/wp-json\/wp\/v2\/media\/4348"}],"wp:attachment":[{"href":"https:\/\/www.flsiot.com\/index.php\/wp-json\/wp\/v2\/media?parent=4347"}],"wp:term":[{"taxonomy":"product_cat","embeddable":true,"href":"https:\/\/www.flsiot.com\/index.php\/wp-json\/wp\/v2\/product_cat?post=4347"},{"taxonomy":"product_tag","embeddable":true,"href":"https:\/\/www.flsiot.com\/index.php\/wp-json\/wp\/v2\/product_tag?post=4347"}],"curies":[{"name":"wp","href":"https:\/\/api.w.org\/{rel}","templated":true}]}}